{"id":1748,"date":"2016-06-16T07:32:08","date_gmt":"2016-06-16T04:32:08","guid":{"rendered":"https:\/\/novius.lv\/?page_id=1748"},"modified":"2023-02-17T04:36:36","modified_gmt":"2023-02-17T02:36:36","slug":"home-de","status":"publish","type":"page","link":"https:\/\/novius.lv\/de\/","title":{"rendered":"Home-de"},"content":{"rendered":"<section class=\"wpb-content-wrapper\"><p>[vc_row uxb_theme_class=&#8220;,no-padding-bottom,bottom-line&#8220;][vc_column width=&#8220;1\/2&#8243; uxb_theme_class=&#8220;,for-nested&#8220;][vc_row_inner uxb_theme_class=&#8220;,no-padding-bottom&#8220;][vc_column_inner width=&#8220;1\/2&#8243; uxb_theme_class=&#8220;,no-padding,height-510&#8243;][vc_single_image image=&#8220;829&#8243;][\/vc_column_inner][vc_column_inner width=&#8220;1\/2&#8243; uxb_theme_class=&#8220;,height-510&#8243;]<h4> Professionelle Einsicht<\/h4>[vc_column_text]<\/p>\n<p style=\"text-align: left;\">Die \u00fcber Jahre erworbenen Kenntnisse und praktische Erfahrung bei der Projektumsetzung, die bei Unternehmen und Beh\u00f6rden geleisteten Beratungen sowie die Verfolgung von Entwicklung, Tendenzen und Innovationen der Branche erlauben NOVIUS, ihren Mandanten gegen\u00fcber die h\u00f6chste Professionalit\u00e4t sicherzustellen. Dies wird durch Referenzen von unseren Mandanten best\u00e4tigt.<\/p>\n<p>[\/vc_column_text][\/vc_column_inner][\/vc_row_inner][\/vc_column][vc_column width=&#8220;1\/2&#8243; uxb_theme_class=&#8220;,for-nested&#8220;][vc_row_inner uxb_theme_class=&#8220;&#8220;][vc_column_inner width=&#8220;1\/2&#8243; uxb_theme_class=&#8220;,no-padding,height-255&#8243;][vc_single_image image=&#8220;883&#8243; img_size=&#8220;medium-square&#8220; stretch_image=&#8220;true&#8220; css_animation=&#8220;right-to-left&#8220;][\/vc_column_inner][vc_column_inner width=&#8220;1\/2&#8243; uxb_theme_class=&#8220;,bottom-line,height-255&#8243;]<h4> Hervorragendes Ergebnis<\/h4>[vc_column_text]<\/p>\n<p style=\"text-align: left;\">Unser Ziel ist es, durch Anwendung aller Kenntnisse, F\u00e4higkeiten, Kontakte und M\u00f6glichkeiten das erwartete Ziel des Mandanten zu gew\u00e4hrleisten.<\/p>\n<p>[\/vc_column_text][\/vc_column_inner][\/vc_row_inner][vc_row_inner uxb_theme_class=&#8220;,no-padding-bottom&#8220;][vc_column_inner width=&#8220;1\/2&#8243; uxb_theme_class=&#8220;,no-padding,height-255&#8243;][vc_single_image image=&#8220;987&#8243; img_size=&#8220;medium-square&#8220; stretch_image=&#8220;true&#8220; css_animation=&#8220;right-to-left&#8220;][\/vc_column_inner][vc_column_inner width=&#8220;1\/2&#8243; uxb_theme_class=&#8220;,height-255&#8243;]<h4> Vertraulichkeit<\/h4>[vc_column_text]<\/p>\n<p style=\"text-align: left;\">Einer der Ecksteine unserer T\u00e4tigkeit ist die Gew\u00e4hrleistung der Vertraulichkeit f\u00fcr jeden unserer Mandanten unter allen m\u00f6glichen Umst\u00e4nden. Dessen k\u00f6nnen Sie sich sicher sein.<\/p>\n<p>[\/vc_column_text][\/vc_column_inner][\/vc_row_inner][\/vc_column][\/vc_row][vc_row uxb_theme_class=&#8220;&#8220;][vc_column uxb_theme_class=&#8220;&#8220;][vc_column_text]<\/p>\n<p>[\/vc_column_text][\/vc_column][\/vc_row][vc_row equal_height=&#8220;yes&#8220; uxb_theme_class=&#8220;top-margin,no-padding-top,no-padding-bottom&#8220;][vc_column width=&#8220;1\/2&#8243; uxb_theme_class=&#8220;no-padding,height-255&#8243;][vc_column_text css_animation=&#8220;appear&#8220; css=&#8220;.vc_custom_1518251083115{margin-top: 30px !important;margin-left: 40px !important;}&#8220;]<\/p>\n<h1 class=\"smaller description-title\">Dienstleistungen<\/h1>\n<p class=\"description\" style=\"paddign-left: 20px;\">Professionelle und sch\u00f6pferische Vorgehensweise sowie tiefgreifende Rechtskenntnisse erm\u00f6glichen das Wesentliche \u2013 eine innovative L\u00f6sung und Unterst\u00fctzung bei Problemf\u00e4llen.<\/p>\n<p>[\/vc_column_text]<a href=\"https:\/\/novius.lv\/de\/dienstleistung\/\" class=\"     bottom-right angle flat button\" >Alle Dienstleistungen<span class=\"angle\"><i class=\"icon-angle-right\"><\/i><\/span><\/a>[\/vc_column][vc_column width=&#8220;1\/4&#8243; uxb_theme_class=&#8220;no-padding,height-255&#8243;][vc_single_image image=&#8220;2453&#8243; image_position=&#8220;normal-align-center&#8220; has_link=&#8220;true&#8220; link=&#8220;\/de\/portfolio\/offentliches-beschaffungswesen-und-offentlich-private-partnerschaft-ppp&#8220; css_animation=&#8220;appear&#8220; onclick=&#8220;custom_link&#8220;][\/vc_column][vc_column width=&#8220;1\/4&#8243; uxb_theme_class=&#8220;no-padding,height-255&#8243;][vc_single_image image=&#8220;2454&#8243; image_position=&#8220;normal-align-center&#8220; has_link=&#8220;true&#8220; link=&#8220;\/de\/portfolio\/luftfahrtrecht&#8220; css_animation=&#8220;appear&#8220; onclick=&#8220;custom_link&#8220;][\/vc_column][\/vc_row][vc_row equal_height=&#8220;yes&#8220; uxb_theme_class=&#8220;no-padding-top,no-padding-bottom&#8220;][vc_column css_animation=&#8220;none&#8220; width=&#8220;1\/4&#8243; uxb_theme_class=&#8220;no-padding,height-255&#8243;][vc_single_image image=&#8220;2456&#8243; img_size=&#8220;large-square&#8220; image_position=&#8220;normal-align-center&#8220; has_link=&#8220;true&#8220; link=&#8220;\/de\/portfolio\/internationales-recht&#8220; css_animation=&#8220;appear&#8220; onclick=&#8220;custom_link&#8220;][\/vc_column][vc_column width=&#8220;1\/4&#8243; uxb_theme_class=&#8220;no-padding,height-255&#8243;][vc_single_image image=&#8220;2457&#8243; img_size=&#8220;large-square&#8220; image_position=&#8220;normal-align-center&#8220; has_link=&#8220;true&#8220; link=&#8220;\/de\/portfolio\/finanz-und-bankenrecht&#8220; css_animation=&#8220;appear&#8220; onclick=&#8220;custom_link&#8220;][\/vc_column][vc_column width=&#8220;1\/4&#8243; uxb_theme_class=&#8220;no-padding,height-255&#8243;][vc_single_image image=&#8220;2458&#8243; img_size=&#8220;large-square&#8220; image_position=&#8220;normal-align-center&#8220; has_link=&#8220;true&#8220; link=&#8220;\/de\/portfolio\/handelsrecht&#8220; css_animation=&#8220;appear&#8220; onclick=&#8220;custom_link&#8220;][\/vc_column][vc_column width=&#8220;1\/4&#8243; uxb_theme_class=&#8220;no-padding,height-255&#8243;][vc_single_image image=&#8220;2459&#8243; img_size=&#8220;large-square&#8220; image_position=&#8220;normal-align-center&#8220; has_link=&#8220;true&#8220; link=&#8220;\/de\/portfolio\/restrukturierung-und-insolvenz&#8220; css_animation=&#8220;appear&#8220; onclick=&#8220;custom_link&#8220;][\/vc_column][\/vc_row][vc_row equal_height=&#8220;yes&#8220; uxb_theme_class=&#8220;no-padding-top,no-padding-bottom&#8220;][vc_column css_animation=&#8220;none&#8220; width=&#8220;1\/4&#8243; uxb_theme_class=&#8220;no-padding,height-255&#8243;][vc_single_image image=&#8220;2572&#8243; img_size=&#8220;large-square&#8220; image_position=&#8220;normal-align-center&#8220; has_link=&#8220;true&#8220; link=&#8220;\/de\/portfolio\/steuerrecht&#8220; css_animation=&#8220;appear&#8220; onclick=&#8220;custom_link&#8220;][\/vc_column][vc_column width=&#8220;1\/4&#8243; uxb_theme_class=&#8220;no-padding,height-255&#8243;][vc_single_image image=&#8220;2461&#8243; img_size=&#8220;large-square&#8220; image_position=&#8220;normal-align-center&#8220; has_link=&#8220;true&#8220; link=&#8220;\/de\/portfolio\/immobilien&#8220; css_animation=&#8220;appear&#8220; onclick=&#8220;custom_link&#8220;][\/vc_column][vc_column width=&#8220;1\/4&#8243; uxb_theme_class=&#8220;no-padding,height-255&#8243;][vc_single_image image=&#8220;2462&#8243; img_size=&#8220;large-square&#8220; image_position=&#8220;normal-align-center&#8220; has_link=&#8220;true&#8220; link=&#8220;\/de\/portfolio\/mergers-acquisitions-ma&#8220; css_animation=&#8220;appear&#8220; onclick=&#8220;custom_link&#8220;][\/vc_column][vc_column width=&#8220;1\/4&#8243; uxb_theme_class=&#8220;no-padding,height-255&#8243;][vc_single_image image=&#8220;2463&#8243; img_size=&#8220;large-square&#8220; image_position=&#8220;normal-align-center&#8220; has_link=&#8220;true&#8220; link=&#8220;\/de\/portfolio\/familienrecht&#8220; css_animation=&#8220;appear&#8220; onclick=&#8220;custom_link&#8220;][\/vc_column][\/vc_row][vc_row equal_height=&#8220;yes&#8220; uxb_theme_class=&#8220;no-padding-top,no-padding-bottom&#8220;][vc_column css_animation=&#8220;none&#8220; width=&#8220;1\/4&#8243; uxb_theme_class=&#8220;no-padding,height-255&#8243;][vc_single_image image=&#8220;2464&#8243; img_size=&#8220;large-square&#8220; image_position=&#8220;normal-align-center&#8220; has_link=&#8220;true&#8220; link=&#8220;\/de\/portfolio\/erbrecht&#8220; css_animation=&#8220;appear&#8220; onclick=&#8220;custom_link&#8220;][\/vc_column][vc_column width=&#8220;1\/4&#8243; uxb_theme_class=&#8220;no-padding,height-255&#8243;][vc_single_image image=&#8220;2465&#8243; img_size=&#8220;large-square&#8220; image_position=&#8220;normal-align-center&#8220; has_link=&#8220;true&#8220; link=&#8220;\/de\/portfolio\/verhandlung-von-streitigkeiten&#8220; css_animation=&#8220;appear&#8220; onclick=&#8220;custom_link&#8220;][\/vc_column][vc_column width=&#8220;1\/4&#8243; uxb_theme_class=&#8220;no-padding,height-255&#8243;][vc_single_image image=&#8220;2466&#8243; img_size=&#8220;large-square&#8220; image_position=&#8220;normal-align-center&#8220; has_link=&#8220;true&#8220; link=&#8220;\/de\/portfolio\/forderung-von-investitionen-fur-unternehmen&#8220; css_animation=&#8220;appear&#8220; onclick=&#8220;custom_link&#8220;][\/vc_column][vc_column width=&#8220;1\/4&#8243; uxb_theme_class=&#8220;no-padding,height-255&#8243;][vc_single_image image=&#8220;2467&#8243; img_size=&#8220;large-square&#8220; image_position=&#8220;normal-align-center&#8220; has_link=&#8220;true&#8220; link=&#8220;\/de\/portfolio\/rechts-und-finanzprufung-due-diligence&#8220; css_animation=&#8220;appear&#8220; onclick=&#8220;custom_link&#8220;][\/vc_column][\/vc_row][vc_row equal_height=&#8220;yes&#8220; uxb_theme_class=&#8220;no-padding-top,no-padding-bottom&#8220;][vc_column css_animation=&#8220;none&#8220; width=&#8220;1\/4&#8243; uxb_theme_class=&#8220;no-padding,height-255&#8243;][vc_single_image image=&#8220;2468&#8243; img_size=&#8220;large-square&#8220; image_position=&#8220;normal-align-center&#8220; has_link=&#8220;true&#8220; link=&#8220;\/de\/portfolio\/bauwesen&#8220; css_animation=&#8220;appear&#8220; onclick=&#8220;custom_link&#8220;][\/vc_column][vc_column width=&#8220;1\/4&#8243; uxb_theme_class=&#8220;no-padding,height-255&#8243;][vc_single_image image=&#8220;2469&#8243; img_size=&#8220;large-square&#8220; image_position=&#8220;normal-align-center&#8220; has_link=&#8220;true&#8220; link=&#8220;\/de\/portfolio\/arbeitsrecht&#8220; css_animation=&#8220;appear&#8220; onclick=&#8220;custom_link&#8220;][\/vc_column][vc_column width=&#8220;1\/4&#8243; uxb_theme_class=&#8220;no-padding,height-255&#8243;][vc_single_image image=&#8220;2470&#8243; img_size=&#8220;large-square&#8220; image_position=&#8220;normal-align-center&#8220; has_link=&#8220;true&#8220; link=&#8220;\/de\/portfolio\/verwaltungssachen&#8220; css_animation=&#8220;appear&#8220; onclick=&#8220;custom_link&#8220;][\/vc_column][vc_column width=&#8220;1\/4&#8243; uxb_theme_class=&#8220;no-padding,height-255&#8243;][vc_single_image image=&#8220;2471&#8243; img_size=&#8220;large-square&#8220; image_position=&#8220;normal-align-center&#8220; has_link=&#8220;true&#8220; link=&#8220;\/de\/portfolio\/strafsachen&#8220; css_animation=&#8220;appear&#8220; onclick=&#8220;custom_link&#8220;][\/vc_column][\/vc_row][vc_row uxb_theme_class=&#8220;,top-margin,no-bg&#8220;][vc_column uxb_theme_class=&#8220;,no-padding&#8220;]<div class=\"testimonial-wrapper  \" >\n\t\t\t\t\t<div class=\"testimonial-inner\">\n\t\t\t\t\t\t<div class=\"testimonial-list\" data-auto-rotation=\"disabled\"><div>\n\t\t\t\t\t<div class=\"blockquote-wrapper \">\n\t\t\t\t\t\t<blockquote>\n\t\t\t\t\t\t\t<p >\n\t\t\t\t\t\t\t\t\u201eAls den gr\u00f6\u00dften Gewinn aus der Zusammenarbeit mit der Kanzlei NOVIUS empfinde ich die sofortige Reaktion, den Bescheid, die Beratung, falls notwendig. Ich kann unverz\u00fcglich die erforderliche Erl\u00e4uterung oder die beste Empfehlung zur weiteren T\u00e4tigkeit erhalten. In unserem Gesch\u00e4ft ist dies unersetzlich.\u201c \n\t\t\t\t\t\t\t<\/p>\n\t\t\t\t\t\t<\/blockquote>\n\t\t\t\t\t\t<p class=\"cite\">Raimonds Aploks, Vorstandsvorsitzender der SIA (GmbH) \u201eRekro\u201c<\/p>\n\t\t\t\t\t<\/div>\n\t\t\t\t\t<img loading=\"lazy\" decoding=\"async\" width=\"250\" height=\"250\" src=\"https:\/\/novius.lv\/wp-content\/uploads\/2013\/08\/recro_logo.jpg\" class=\"attachment-large-square size-large-square wp-post-image\" alt=\"\" srcset=\"https:\/\/novius.lv\/wp-content\/uploads\/2013\/08\/recro_logo.jpg 250w, https:\/\/novius.lv\/wp-content\/uploads\/2013\/08\/recro_logo-150x150.jpg 150w, https:\/\/novius.lv\/wp-content\/uploads\/2013\/08\/recro_logo-120x120.jpg 120w, https:\/\/novius.lv\/wp-content\/uploads\/2013\/08\/recro_logo-40x40.jpg 40w\" sizes=\"auto, (max-width: 250px) 100vw, 250px\" \/>\n\t\t\t\t<\/div><div>\n\t\t\t\t\t<div class=\"blockquote-wrapper \">\n\t\t\t\t\t\t<blockquote>\n\t\t\t\t\t\t\t<p >\n\t\t\t\t\t\t\t\t\u201eWahre Professionalit\u00e4t ist die F\u00e4higkeit, eine L\u00f6sung der Rechtslage anzubieten, indem die Zeit, die Ressourcen und das Ergebnis der Sache logisch vorhergesehen werden. Unser Unternehmen ist im Laufe mehrerer Jahren zur \u00dcberzeugung gelangt, dass wir den Anw\u00e4lten von NOVIUS vertrauen k\u00f6nnen, wobei uns gegen\u00fcber professionelle Argumente vorgebracht und eine \u00fcberzeugende Handlungsweise gezeigt wird.\u201c \n\t\t\t\t\t\t\t<\/p>\n\t\t\t\t\t\t<\/blockquote>\n\t\t\t\t\t\t<p class=\"cite\">J\u0101nis Zamovskis, Leiter der Vertriebsabteilung von SIA \u201eMiele\u201c<\/p>\n\t\t\t\t\t<\/div>\n\t\t\t\t\t<img loading=\"lazy\" decoding=\"async\" width=\"250\" height=\"250\" src=\"https:\/\/novius.lv\/wp-content\/uploads\/2013\/08\/miele-logo.jpg\" class=\"attachment-large-square size-large-square wp-post-image\" alt=\"\" srcset=\"https:\/\/novius.lv\/wp-content\/uploads\/2013\/08\/miele-logo.jpg 250w, https:\/\/novius.lv\/wp-content\/uploads\/2013\/08\/miele-logo-150x150.jpg 150w, https:\/\/novius.lv\/wp-content\/uploads\/2013\/08\/miele-logo-120x120.jpg 120w, https:\/\/novius.lv\/wp-content\/uploads\/2013\/08\/miele-logo-40x40.jpg 40w\" sizes=\"auto, (max-width: 250px) 100vw, 250px\" \/>\n\t\t\t\t<\/div><div>\n\t\t\t\t\t<div class=\"blockquote-wrapper \">\n\t\t\t\t\t\t<blockquote>\n\t\t\t\t\t\t\t<p >\n\t\t\t\t\t\t\t\t\u201eDie Hilfe der Kanzlei NOVIUS wird meistens bei au\u00dferordentlichen und Risikof\u00e4llen ben\u00f6tigt. F\u00fcr mich sind einfache Kommunikation und schnelles und genaues Verst\u00e4ndnis der Lage wichtig, diesbez\u00fcglich bin ich mit der langfristig entwickelten Zusammenarbeit zufrieden. Ich sch\u00e4tze es sehr, dass die Kanzlei NOVIUS uns professionelle und ergebnisorientierte Hilfe leistet und solcherweise erm\u00f6glicht, Ziele des Unternehmens verh\u00e4ltnism\u00e4\u00dfig effizienter zu erreichen.\u201c \n\t\t\t\t\t\t\t<\/p>\n\t\t\t\t\t\t<\/blockquote>\n\t\t\t\t\t\t<p class=\"cite\">Kristians Gabali\u0146\u0161, Vorstandsvorsitzender der SIA (GmbH) \u201eKr\u0101su serviss\u201c<\/p>\n\t\t\t\t\t<\/div>\n\t\t\t\t\t<img loading=\"lazy\" decoding=\"async\" width=\"250\" height=\"250\" src=\"https:\/\/novius.lv\/wp-content\/uploads\/2013\/08\/KrasuServiss.jpg\" class=\"attachment-large-square size-large-square wp-post-image\" alt=\"\" srcset=\"https:\/\/novius.lv\/wp-content\/uploads\/2013\/08\/KrasuServiss.jpg 250w, https:\/\/novius.lv\/wp-content\/uploads\/2013\/08\/KrasuServiss-150x150.jpg 150w, https:\/\/novius.lv\/wp-content\/uploads\/2013\/08\/KrasuServiss-120x120.jpg 120w, https:\/\/novius.lv\/wp-content\/uploads\/2013\/08\/KrasuServiss-40x40.jpg 40w\" sizes=\"auto, (max-width: 250px) 100vw, 250px\" \/>\n\t\t\t\t<\/div><\/div>\n\t\t\t\t\t\n\t\t\t\t\t\t\t<div class=\"testimonial-angle\"><\/div>\n\t\t\t\t\t\t\t<div class=\"testimonial-corner\"><\/div>\n\t\t\t\t\t\t\t<div class=\"testimonial-corner-mirror\"><\/div>\n\t\t\t\t<\/div>\n\t\t\t\t<div class=\"testimonial-bullets\"><\/div>\n\t\t\t<\/div>[\/vc_column][\/vc_row][vc_row uxb_theme_class=&#8220;&#8220;][vc_column uxb_theme_class=&#8220;,no-padding&#8220;]<div class=\"uxb_blog_posts \"><div class=\"blog-item\">\n\t\t\t\t\t\t\t\t\t<div class=\"info height-255\">\n\t\t\t\t\t\t\t\t\t<div class=\"blog-meta\">\n\t\t\t\t\t\t\t\t\t\t<span class=\"date\">24.03.2023<\/span>\n\t\t\t\t\t\t\t\t\t\t<ul class=\"author-comments\">\n\t\t\t\t\t\t\t\t\t\t\t<li><a href=\"https:\/\/novius.lv\/de\/author\/upwork\/\">upwork<\/a><\/li><li><a href=\"https:\/\/novius.lv\/de\/effektive-berufliche-leistung-was-ist-das-und-wie-erreicht-man-sie\/#respond\">0 Comment<\/a><\/li>\n\t\t\t\t\t\t\t\t\t\t<\/ul>\n\t\t\t\t\t\t\t\t\t<\/div>\n\t\t\t\t\t\t\t\t\t<hr \/>\n\t\t\t\t\t\t\t\t\t<h4 class=\"blog-title\"><a href=\"https:\/\/novius.lv\/de\/effektive-berufliche-leistung-was-ist-das-und-wie-erreicht-man-sie\/\">Effektive berufliche Leistung \u2013 was ist das und wie erreicht man sie?<\/a><\/h4>\n\t\t\t\t\t\t\t\t\t<div class=\"excerpt\">Evija Novic\u0101ne ,Partnerin in der Kanzlei und vereidigte Rechtsanw\u00e4ltin spricht auf der Anwaltskonferenz \u201eDie Rolle der Anw\u00e4lte bei der  ... <\/div>\n\t\t\t\t\t\t\t\t<\/div><div class=\"thumbnail\"><a href=\"https:\/\/novius.lv\/de\/effektive-berufliche-leistung-was-ist-das-und-wie-erreicht-man-sie\/\"><\/a><\/div>\n\t\t\t\t\t\t\t\t<\/div>\n\t\t\t\t\t\t\t\t<div class=\"sub-blog-item\">\n\t\t\t\t\t\t\t\t\t<div class=\"info height-255\">\n\t\t\t\t\t\t\t\t\t<div class=\"blog-meta\">\n\t\t\t\t\t\t\t\t\t\t<span class=\"date\">01.12.2022<\/span>\n\t\t\t\t\t\t\t\t\t<\/div>\n\t\t\t\t\t\t\t\t\t<hr \/>\n\t\t\t\t\t\t\t\t\t<h4 class=\"sub-blog-title\"><a href=\"https:\/\/novius.lv\/de\/das-groesste-risiko-eines-unternehmers-ist-die-insolvenz\/\">Das gr\u00f6\u00dfte Risiko eines Unternehmers ist die Insolvenz<\/a><\/h4>\n\t\t\t\t\t\t\t\t<\/div><div class=\"thumbnail\"><a href=\"https:\/\/novius.lv\/de\/das-groesste-risiko-eines-unternehmers-ist-die-insolvenz\/\"><\/a><\/div>\n\t\t\t\t\t\t\t\t<\/div>\n\t\t\t\t\t\t\t\t<div class=\"sub-blog-item\">\n\t\t\t\t\t\t\t\t\t<div class=\"info height-255\">\n\t\t\t\t\t\t\t\t\t<div class=\"blog-meta\">\n\t\t\t\t\t\t\t\t\t\t<span class=\"date\">14.10.2022<\/span>\n\t\t\t\t\t\t\t\t\t<\/div>\n\t\t\t\t\t\t\t\t\t<hr \/>\n\t\t\t\t\t\t\t\t\t<h4 class=\"sub-blog-title\"><a href=\"https:\/\/novius.lv\/de\/der-sorgfaltsstandard-fuer-vorstandsmitglieder-sollen-wir-zur-haftung-fuer-grobe-fahrlaessigkeit-uebergehen\/\">Der Sorgfaltsstandard f\u00fcr Vorstandsmitglieder \u2013 sollen wir zur Haftung f\u00fcr grobe  ... <\/a><\/h4>\n\t\t\t\t\t\t\t\t<\/div><div class=\"thumbnail\"><a href=\"https:\/\/novius.lv\/de\/der-sorgfaltsstandard-fuer-vorstandsmitglieder-sollen-wir-zur-haftung-fuer-grobe-fahrlaessigkeit-uebergehen\/\"><\/a><\/div>\n\t\t\t\t\t\t\t\t<\/div><\/div>[\/vc_column][\/vc_row]<\/p>\n<\/section>","protected":false},"excerpt":{"rendered":"<p>[vc_row uxb_theme_class=&#8220;,no-padding-bottom,bottom-line&#8220;][vc_column width=&#8220;1\/2&#8243; uxb_theme_class=&#8220;,for-nested&#8220;][vc_row_inner uxb_theme_class=&#8220;,no-padding-bottom&#8220;][vc_column_inner width=&#8220;1\/2&#8243; uxb_theme_class=&#8220;,no-padding,height-510&#8243;][vc_single_image image=&#8220;829&#8243;][\/vc_column_inner][vc_column_inner width=&#8220;1\/2&#8243; uxb_theme_class=&#8220;,height-510&#8243;][vc_column_text] Die \u00fcber Jahre erworbenen Kenntnisse und praktische Erfahrung bei der Projektumsetzung, die bei Unternehmen und Beh\u00f6rden geleisteten Beratungen sowie die Verfolgung von Entwicklung, Tendenzen und Innovationen der Branche erlauben NOVIUS, ihren Mandanten gegen\u00fcber die h\u00f6chste &#8230; <\/p>\n","protected":false},"author":1,"featured_media":0,"parent":0,"menu_order":0,"comment_status":"open","ping_status":"closed","template":"","meta":{"footnotes":""},"class_list":["post-1748","page","type-page","status-publish","hentry"],"_links":{"self":[{"href":"https:\/\/novius.lv\/de\/wp-json\/wp\/v2\/pages\/1748","targetHints":{"allow":["GET"]}}],"collection":[{"href":"https:\/\/novius.lv\/de\/wp-json\/wp\/v2\/pages"}],"about":[{"href":"https:\/\/novius.lv\/de\/wp-json\/wp\/v2\/types\/page"}],"author":[{"embeddable":true,"href":"https:\/\/novius.lv\/de\/wp-json\/wp\/v2\/users\/1"}],"replies":[{"embeddable":true,"href":"https:\/\/novius.lv\/de\/wp-json\/wp\/v2\/comments?post=1748"}],"version-history":[{"count":5,"href":"https:\/\/novius.lv\/de\/wp-json\/wp\/v2\/pages\/1748\/revisions"}],"predecessor-version":[{"id":2578,"href":"https:\/\/novius.lv\/de\/wp-json\/wp\/v2\/pages\/1748\/revisions\/2578"}],"wp:attachment":[{"href":"https:\/\/novius.lv\/de\/wp-json\/wp\/v2\/media?parent=1748"}],"curies":[{"name":"wp","href":"https:\/\/api.w.org\/{rel}","templated":true}]}}