{"id":1884,"date":"2016-06-21T23:43:18","date_gmt":"2016-06-21T20:43:18","guid":{"rendered":"https:\/\/novius.lv\/?page_id=1884"},"modified":"2020-08-06T16:49:36","modified_gmt":"2020-08-06T13:49:36","slug":"uber-novius","status":"publish","type":"page","link":"https:\/\/novius.lv\/de\/uber-novius\/","title":{"rendered":"\u00dcber NOVIUS"},"content":{"rendered":"<section class=\"wpb-content-wrapper\"><p>[vc_row uxb_theme_class=&#8220;,no-padding-bottom&#8220;][vc_column width=&#8220;1\/2&#8243;]<h2 class=\"    has-line  \"> Wer sind wir<\/h2><h2 class=\"light    \">  Ansprechpartner, der Unterst\u00fctzung und Beratung zur Verf\u00fcgung stellt, die mit der genauen Auslegung und Anwendung von verschiedenen Rechtsnormen verbunden sind.<\/h2>[vc_column_text]<\/p>\n<p style=\"text-align: justify;\">Der Name der Kanzlei NOVIUS wurde aus den Worten NOVI und IUS gebildet, die in der \u00dcbersetzung aus dem Latein das GESETZ KENNEN bedeuten. Ein eingehendes Verst\u00e4ndnis des Rechtswesens ist die Grundlage der erfolgreichen T\u00e4tigkeit der Kanzlei, insbesondere, wenn diese durch professionelle Betrachtung, verantwortungsvolle Handlungsweise, Vertraulichkeit und einzigartige L\u00f6sungen erg\u00e4nzt werden. Die Schwerpunkte von NOVIUS sind professionelle T\u00e4tigkeit, ehrliche und verantwortungsvolle Beziehung zu den Mandanten sowie zeitgem\u00e4\u00dfe L\u00f6sungen. Die Kanzlei hat Sachverst\u00e4ndige der jeweiligen Fachgebiete mit Erfahrung im Rechtswesen engagiert, um hochwertige Beratung und hervorragende Ergebnisse zu erzielen.<\/p>\n<p style=\"text-align: justify;\">Die Hauptt\u00e4tigkeit der Kanzlei beinhaltet Handelsrecht, Vertragsrecht, mit Immobilien verbundene Angelegenheiten und Gerichtsverfahren verschiedener Art (Zivilsachen, Strafsachen, Verwaltungssachen). Die Spezialisierung in bestimmten Fachbereichen, eingehende Kenntnisse \u00fcber die neuesten Forschungen und Welterfahrung erm\u00f6glichen einzigartige L\u00f6sungen und erfolgreiche Gesch\u00e4ftst\u00e4tigkeit. Unsere Mandanten sch\u00e4tzen das und empfehlen NOVIUS ihren Kooperationspartnern.<\/p>\n<p>[\/vc_column_text][\/vc_column][vc_column width=&#8220;1\/2&#8243; uxb_theme_class=&#8220;,no-padding,height-255&#8243;]<div class=\"image-slider-wrapper\"><div class=\"image-slider\" data-auto-rotation=\"disabled\"><div class=\"image-slider-item\"><a href=\"https:\/\/novius.lv\/wp-content\/uploads\/2013\/08\/orch.png\" class=\"image-box\" rel=\"gallery_id_36158\"  title=\"orch\" ><img loading=\"lazy\" decoding=\"async\" src=\"https:\/\/novius.lv\/wp-content\/uploads\/2013\/08\/orch.png\"  alt=\"\" width=\"534\" height=\"466\" \/><\/a><\/div><\/div><div class=\"image-slider-controller\">\n\t\t\t\t\t\t<a href=\"#\" class=\"image-slider-prev\"><i class=\"icon-angle-left\"><\/i><\/a>\n\t\t\t\t\t\t<a href=\"#\" class=\"image-slider-next\"><i class=\"icon-angle-right\"><\/i><\/a>\n\t\t\t\t\t<\/div><\/div>[\/vc_column][\/vc_row][vc_row uxb_theme_class=&#8220;,no-padding-top,no-padding-bottom&#8220;][vc_column width=&#8220;1\/1&#8243;]<h2 class=\"    has-line  \"> Warum NOVIUS?<\/h2>[vc_column_text]<\/p>\n<p style=\"text-align: justify;\">Der T\u00e4tigkeit der Kanzlei NOVIUS liegt eine \u00fcber Jahrtausende erwiesene und sich durchsetzende Wahrheit zugrunde. Die herk\u00f6mmlichen Werte, die durch zeitgem\u00e4\u00dfe Innovationen, neue und einzigartige Verfahren, Vorgehensweisen und F\u00e4higkeiten der Beziehungsbildung erg\u00e4nzt werden, lassen uns das rechtlich genaueste Ergebnis erzielen. Das ist unser Weg zu einer \u00fcberzeugenden und stabilen Leistung.<\/p>\n<p>[\/vc_column_text][vc_column_text]<\/p>\n<p style=\"text-align: justify;\">Jeder Mandant der Kanzlei NOVIUS ist speziell und einzigartig, deswegen verhandeln wir jede Frage personenbezogen. Die Kanzlei NOVIUS leistet alles in ihren M\u00f6glichkeiten stehende, um dem Mandanten hochwertige Beratung und L\u00f6sungen sicherzustellen. Wir sind uns dessen bewusst, wie bedeutungsvoll Recht, Chancen, Gerechtigkeit und Freiheit jeder Person sind, deswegen beziehen wir uns sehr verantwortungsvoll sowohl auf Tatsachen als auch auf Emotionen und andere \u00e4u\u00dfere Faktoren.<\/p>\n<p>[\/vc_column_text][\/vc_column][\/vc_row][vc_row uxb_theme_class=&#8220;,no-padding-top,no-padding-bottom&#8220;][vc_column width=&#8220;1\/1&#8243;][vc_column_text]<\/p>\n<p style=\"text-align: justify;\">Die T\u00e4tigkeit von NOVIUS ist auf mehrere wesentliche Rechtsgebiete orientiert, wobei Rechtsdienstleistungen in folgenden Fachbereichen sichergestellt werden:<br \/>\n\u2013 <a href=\"https:\/\/novius.lv\/de\/portfolio\/verwaltungssachen\/\">Verwaltungssachen<\/a><br \/>\n\u2013 <a href=\"https:\/\/novius.lv\/de\/portfolio\/bauwesen\/\">Bauwesen<\/a><br \/>\n\u2013 <a href=\"https:\/\/novius.lv\/de\/portfolio\/arbeitsrecht\/\">Arbeitsrecht<\/a><br \/>\n\u2013 <a href=\"https:\/\/novius.lv\/de\/portfolio\/finanz-und-bankenrecht\/\">Finanz- und Bankenrecht<\/a><br \/>\n\u2013 <a href=\"https:\/\/novius.lv\/de\/portfolio\/familienrecht\/\">Familienrecht<\/a><br \/>\n\u2013 <a href=\"https:\/\/novius.lv\/de\/portfolio\/forderung-von-investitionen-fur-unternehmen\/\">F\u00f6rderung von Investitionen f\u00fcr Unternehmen<\/a><br \/>\n\u2013 <a href=\"https:\/\/novius.lv\/de\/portfolio\/rechts-und-finanzprufung-due-diligence\/\">Rechts- und Finanzpr\u00fcfung<\/a><br \/>\n\u2013 <a href=\"https:\/\/novius.lv\/de\/portfolio\/handelsrecht\/\">Handelsrecht<\/a><br \/>\n\u2013 <a href=\"https:\/\/novius.lv\/de\/portfolio\/strafsachen\/\">Strafsachen<\/a><br \/>\n\u2013 <a href=\"https:\/\/novius.lv\/de\/portfolio\/erbrecht\/\">Erbrecht<\/a><br \/>\n\u2013 <a href=\"https:\/\/novius.lv\/de\/portfolio\/immobilien\/\">Immobilien<\/a><br \/>\n\u2013 <a href=\"https:\/\/novius.lv\/de\/portfolio\/steuerrecht\/\">AML\/CFT<\/a><br \/>\n\u2013 <a href=\"https:\/\/novius.lv\/de\/portfolio\/offentliches-beschaffungswesen-und-offentlich-private-partnerschaft-ppp\/\">\u00d6ffentliches Beschaffungswesen und \u00f6ffentlich-private Partnerschaft (PPP)<\/a><br \/>\n\u2013 <a href=\"https:\/\/novius.lv\/de\/portfolio\/restrukturierung-und-insolvenz\/\">Restrukturierung und Insolvenz<\/a><br \/>\n\u2013 <a href=\"https:\/\/novius.lv\/de\/portfolio\/verhandlung-von-streitigkeiten\/\">Verhandlung von Streitigkeiten<\/a><br \/>\n\u2013 <a href=\"https:\/\/novius.lv\/de\/portfolio\/mergers-acquisitions-ma\/\">Mergers &amp; Acquisitions (M&amp;A)<\/a><br \/>\n\u2013 <a href=\"https:\/\/novius.lv\/de\/portfolio\/luftfahrtrecht\/\">Luftfahrtrecht<\/a><br \/>\n\u2013 <a href=\"https:\/\/novius.lv\/de\/portfolio\/internationales-recht\/\">Internationales Recht<\/a><\/p>\n<p style=\"text-align: justify;\">Die Qualit\u00e4t der Leistungen der Kanzlei NOVIUS beweisen ihre Mandanten, die langfristig Dienstleistungen von NOVIUS w\u00e4hlen und diese auch ihren Partnern, Freunden und Verwandten empfehlen. Unseren Mandanten werden Zuverl\u00e4ssigkeit und vollst\u00e4ndige Unterst\u00fctzung der Kanzlei gew\u00e4hrt. Diesbez\u00fcglich wird die Kanzlei NOVIUS von Unternehmen und Personen gew\u00e4hlt, die an die Entwicklung denken und \u00fcberzeugende Leistungen erwarten.<\/p>\n<p>[\/vc_column_text][\/vc_column][\/vc_row][vc_row uxb_theme_class=&#8220;,no-padding-top&#8220;][vc_column width=&#8220;1\/1&#8243;]<h2 class=\"    has-line  \"> Unsere Vision<\/h2>[vc_row_inner uxb_theme_class=&#8220;,col-small-padding&#8220;][vc_column_inner width=&#8220;1\/4&#8243;][vc_single_image image=&#8220;912&#8243; img_size=&#8220;medium-square&#8220; stretch_image=&#8220;false&#8220; image_position=&#8220;normal-align-left&#8220; has_link=&#8220;false&#8220; link_type=&#8220;normal&#8220;]<h3 class=\"light  h-center  \"> Professionelle Sichtweise<\/h3>[vc_column_text]<\/p>\n<p align=\"center\">Nachhaltige professionelle Entwicklung, Weiterbildung und praktische Erfahrung helfen bei der st\u00e4ndigen Vervollkommnung der Qualit\u00e4t unserer Dienstleistungen.<\/p>\n<p>[\/vc_column_text][\/vc_column_inner][vc_column_inner width=&#8220;1\/4&#8243;][vc_single_image image=&#8220;914&#8243; img_size=&#8220;medium-square&#8220; stretch_image=&#8220;false&#8220; image_position=&#8220;normal-align-left&#8220; has_link=&#8220;false&#8220; link_type=&#8220;normal&#8220;]<h3 class=\"light  h-center  \"> Hervorragendes Ergebnis<\/h3>[vc_column_text]<\/p>\n<p align=\"center\">Nur durch Erkundung der individuellen Bed\u00fcrfnisse jedes Mandanten wird ein hervorragendes Ergebnis erzielt. Das Ergebnis zeugt von unserer Professionalit\u00e4t.<\/p>\n<p>[\/vc_column_text][\/vc_column_inner][vc_column_inner width=&#8220;1\/4&#8243;][vc_single_image image=&#8220;918&#8243; img_size=&#8220;medium-square&#8220; stretch_image=&#8220;false&#8220; image_position=&#8220;normal-align-left&#8220; has_link=&#8220;false&#8220; link_type=&#8220;normal&#8220;]<h3 class=\"light  h-center  \"> Vertraulichkeit<\/h3>[vc_column_text]<\/p>\n<p align=\"center\">\u00dcberzeugung, diskrete Behandlung und Zuverl\u00e4ssigkeit liegen unserer langj\u00e4hrigen erfolgreichen Zusammenarbeit mit unseren Mandanten zugrunde. Das sch\u00e4tzen wir hoch.<\/p>\n<p>[\/vc_column_text][\/vc_column_inner][vc_column_inner width=&#8220;1\/4&#8243;][vc_single_image image=&#8220;920&#8243; img_size=&#8220;medium-square&#8220; stretch_image=&#8220;false&#8220; image_position=&#8220;normal-align-left&#8220; has_link=&#8220;false&#8220; link_type=&#8220;normal&#8220;]<h3 class=\"light  h-center  \"> Verantwortung<\/h3>[vc_column_text]<\/p>\n<p align=\"center\">Wir sind f\u00fcr die Umwelt und die Gesellschaft dankbar, wo wir unsere T\u00e4tigkeit aus\u00fcben k\u00f6nnen, deswegen empfinden wir gro\u00dfen Respekt und die Verantwortung, umweltbewusst zu handeln.<\/p>\n<p>[\/vc_column_text][\/vc_column_inner][\/vc_row_inner][\/vc_column][\/vc_row]<\/p>\n<\/section>","protected":false},"excerpt":{"rendered":"<p>[vc_row uxb_theme_class=&#8220;,no-padding-bottom&#8220;][vc_column width=&#8220;1\/2&#8243;][vc_column_text] Der Name der Kanzlei NOVIUS wurde aus den Worten NOVI und IUS gebildet, die in der \u00dcbersetzung aus dem Latein das GESETZ KENNEN bedeuten. Ein eingehendes Verst\u00e4ndnis des Rechtswesens ist die Grundlage der erfolgreichen T\u00e4tigkeit der Kanzlei, insbesondere, wenn diese durch professionelle &#8230; <\/p>\n","protected":false},"author":1,"featured_media":0,"parent":0,"menu_order":0,"comment_status":"open","ping_status":"closed","template":"","meta":{"footnotes":""},"class_list":["post-1884","page","type-page","status-publish","hentry"],"_links":{"self":[{"href":"https:\/\/novius.lv\/de\/wp-json\/wp\/v2\/pages\/1884","targetHints":{"allow":["GET"]}}],"collection":[{"href":"https:\/\/novius.lv\/de\/wp-json\/wp\/v2\/pages"}],"about":[{"href":"https:\/\/novius.lv\/de\/wp-json\/wp\/v2\/types\/page"}],"author":[{"embeddable":true,"href":"https:\/\/novius.lv\/de\/wp-json\/wp\/v2\/users\/1"}],"replies":[{"embeddable":true,"href":"https:\/\/novius.lv\/de\/wp-json\/wp\/v2\/comments?post=1884"}],"version-history":[{"count":2,"href":"https:\/\/novius.lv\/de\/wp-json\/wp\/v2\/pages\/1884\/revisions"}],"predecessor-version":[{"id":2587,"href":"https:\/\/novius.lv\/de\/wp-json\/wp\/v2\/pages\/1884\/revisions\/2587"}],"wp:attachment":[{"href":"https:\/\/novius.lv\/de\/wp-json\/wp\/v2\/media?parent=1884"}],"curies":[{"name":"wp","href":"https:\/\/api.w.org\/{rel}","templated":true}]}}