{"id":1891,"date":"2016-06-21T23:53:17","date_gmt":"2016-06-21T20:53:17","guid":{"rendered":"https:\/\/novius.lv\/?page_id=1891"},"modified":"2026-03-19T20:53:57","modified_gmt":"2026-03-19T18:53:57","slug":"team","status":"publish","type":"page","link":"https:\/\/novius.lv\/de\/team\/","title":{"rendered":"Team"},"content":{"rendered":"<section class=\"wpb-content-wrapper\"><p>[vc_row uxb_theme_class=&#8220;,bottom-line&#8220;][vc_column width=&#8220;1\/2&#8243; uxb_theme_class=&#8220;,no-padding&#8220;]<div class=\"team-member  \">\n\t\t\t\t<div class=\"team-member-thumbnail\">\n\t\t\t\t\t<a href=\"https:\/\/novius.lv\/de\/team\/kaspars-novicans-3\/\"><img loading=\"lazy\" decoding=\"async\" width=\"280\" height=\"280\" src=\"https:\/\/novius.lv\/wp-content\/uploads\/2013\/08\/novicans-280x280.jpg\" class=\"attachment-medium-square size-medium-square wp-post-image\" alt=\"\" srcset=\"https:\/\/novius.lv\/wp-content\/uploads\/2013\/08\/novicans-280x280.jpg 280w, https:\/\/novius.lv\/wp-content\/uploads\/2013\/08\/novicans-150x150.jpg 150w, https:\/\/novius.lv\/wp-content\/uploads\/2013\/08\/novicans-400x400.jpg 400w, https:\/\/novius.lv\/wp-content\/uploads\/2013\/08\/novicans-120x120.jpg 120w, https:\/\/novius.lv\/wp-content\/uploads\/2013\/08\/novicans-40x40.jpg 40w\" sizes=\"auto, (max-width: 280px) 100vw, 280px\" \/><\/a>\n\t\t\t\t<\/div>\n\t\t\t\t<div class=\"team-member-info\">\n\t\t\t\t\t<h3 class=\"member-name\"><a href=\"https:\/\/novius.lv\/de\/team\/kaspars-novicans-3\/\">Kaspars Novic\u0101ns<\/a><\/h3>\n\t\t\t\t\t<h4 class=\"light\">Gesch\u00e4ftsf\u00fchrender Partner, Rechtsanwalt<\/h4>\n\t\t\t\t\t<p class=\"description\">\n\t\t\t\t\t\tAML\/CFT, Bauwesen, Immobilien, Handelsrecht, Restrukturierung und Insolvenz, Gerichtsverfahren, Schiedsgericht \r\n<br><br>\r\n<em>\u201eWenn etwas schwerf\u00e4llt, so ist es umso mehr der Grund, dies zu tun.\u201c<\/em>\n\t\t\t\t\t<\/p><ul class=\"team-social\"><li><a href=\"#\" target=\"_blank\"><img loading=\"lazy\" decoding=\"async\" src=\"https:\/\/novius.lv\/wp-content\/themes\/Archtek\/images\/social\/team\/Twitter.png\" alt=\"Twitter\" title=\"Twitter\" width=\"22\" height=\"22\" \/><\/a><\/li><li><a href=\"#\" target=\"_blank\"><img loading=\"lazy\" decoding=\"async\" src=\"https:\/\/novius.lv\/wp-content\/themes\/Archtek\/images\/social\/team\/Facebook.png\" alt=\"Facebook\" title=\"Facebook\" width=\"22\" height=\"22\" \/><\/a><\/li><li><a href=\"#\" target=\"_blank\"><img loading=\"lazy\" decoding=\"async\" src=\"https:\/\/novius.lv\/wp-content\/themes\/Archtek\/images\/social\/team\/LinkedIn.png\" alt=\"LinkedIn\" title=\"LinkedIn\" width=\"22\" height=\"22\" \/><\/a><\/li><\/ul><\/div><\/div>[\/vc_column][vc_column width=&#8220;1\/2&#8243; uxb_theme_class=&#8220;,no-padding&#8220;]<div class=\"team-member  \">\n\t\t\t\t<div class=\"team-member-thumbnail\">\n\t\t\t\t\t<a href=\"https:\/\/novius.lv\/de\/team\/evija-novicane-3\/\"><img loading=\"lazy\" decoding=\"async\" width=\"280\" height=\"280\" src=\"https:\/\/novius.lv\/wp-content\/uploads\/2013\/08\/novicane6-280x280.jpg\" class=\"attachment-medium-square size-medium-square wp-post-image\" alt=\"\" srcset=\"https:\/\/novius.lv\/wp-content\/uploads\/2013\/08\/novicane6-280x280.jpg 280w, https:\/\/novius.lv\/wp-content\/uploads\/2013\/08\/novicane6-150x150.jpg 150w, https:\/\/novius.lv\/wp-content\/uploads\/2013\/08\/novicane6-400x400.jpg 400w, https:\/\/novius.lv\/wp-content\/uploads\/2013\/08\/novicane6-120x120.jpg 120w, https:\/\/novius.lv\/wp-content\/uploads\/2013\/08\/novicane6-40x40.jpg 40w\" sizes=\"auto, (max-width: 280px) 100vw, 280px\" \/><\/a>\n\t\t\t\t<\/div>\n\t\t\t\t<div class=\"team-member-info\">\n\t\t\t\t\t<h3 class=\"member-name\"><a href=\"https:\/\/novius.lv\/de\/team\/evija-novicane-3\/\">Ph.D. iur. Evija Novic\u0101ne<\/a><\/h3>\n\t\t\t\t\t<h4 class=\"light\">Partnerin, Rechtsanw\u00e4ltin<\/h4>\n\t\t\t\t\t<p class=\"description\">\n\t\t\t\t\t\tFinanz- und Bankenrecht, AML\/CFT, Rechtspr\u00fcfung, Handelsrecht, Immobilien, Restrukturierung und Insolvenz, Gerichtsverfahren, Mergers & Acquisitions (M&A) \r\n<br><br>\r\n<em>\u201eNur der Wunsch und die \u00dcberzeugung reichen nicht \u2013 f\u00fcr eine Spitzenleistung ist auch eine entsprechende Handlung notwendig.\u201c<\/em>\n\t\t\t\t\t<\/p><ul class=\"team-social\"><li><a href=\"#\" target=\"_blank\"><img loading=\"lazy\" decoding=\"async\" src=\"https:\/\/novius.lv\/wp-content\/themes\/Archtek\/images\/social\/team\/Twitter.png\" alt=\"Twitter\" title=\"Twitter\" width=\"22\" height=\"22\" \/><\/a><\/li><li><a href=\"#\" target=\"_blank\"><img loading=\"lazy\" decoding=\"async\" src=\"https:\/\/novius.lv\/wp-content\/themes\/Archtek\/images\/social\/team\/Facebook.png\" alt=\"Facebook\" title=\"Facebook\" width=\"22\" height=\"22\" \/><\/a><\/li><li><a href=\"#\" target=\"_blank\"><img loading=\"lazy\" decoding=\"async\" src=\"https:\/\/novius.lv\/wp-content\/themes\/Archtek\/images\/social\/team\/LinkedIn.png\" alt=\"LinkedIn\" title=\"LinkedIn\" width=\"22\" height=\"22\" \/><\/a><\/li><\/ul><\/div><\/div>[\/vc_column][\/vc_row][vc_row uxb_theme_class=&#8220;,top-margin,bottom-line&#8220;][vc_column width=&#8220;1\/2&#8243; uxb_theme_class=&#8220;,no-padding&#8220;]<div class=\"team-member  \">\n\t\t\t\t<div class=\"team-member-thumbnail\">\n\t\t\t\t\t<a href=\"https:\/\/novius.lv\/de\/team\/janis-moors-3\/\"><img loading=\"lazy\" decoding=\"async\" width=\"280\" height=\"280\" src=\"https:\/\/novius.lv\/wp-content\/uploads\/2017\/03\/Janis_Mors2-280x280.jpg\" class=\"attachment-medium-square size-medium-square wp-post-image\" alt=\"\" srcset=\"https:\/\/novius.lv\/wp-content\/uploads\/2017\/03\/Janis_Mors2-280x280.jpg 280w, https:\/\/novius.lv\/wp-content\/uploads\/2017\/03\/Janis_Mors2-150x150.jpg 150w, https:\/\/novius.lv\/wp-content\/uploads\/2017\/03\/Janis_Mors2-400x400.jpg 400w, https:\/\/novius.lv\/wp-content\/uploads\/2017\/03\/Janis_Mors2-120x120.jpg 120w, https:\/\/novius.lv\/wp-content\/uploads\/2017\/03\/Janis_Mors2-40x40.jpg 40w\" sizes=\"auto, (max-width: 280px) 100vw, 280px\" \/><\/a>\n\t\t\t\t<\/div>\n\t\t\t\t<div class=\"team-member-info\">\n\t\t\t\t\t<h3 class=\"member-name\"><a href=\"https:\/\/novius.lv\/de\/team\/janis-moors-3\/\">J\u0101nis Moors<\/a><\/h3>\n\t\t\t\t\t<h4 class=\"light\">Rechtsanwalt<\/h4>\n\t\t\t\t\t<p class=\"description\">\n\t\t\t\t\t\tHandelsrecht, Arbeitsrecht, Gerichtsverfahren, Immobilientransaktionen, Familienrecht, Erbrecht, Verwaltungsprozess, Recht am geistigen Eigentum \r\n<br><br>\r\n<em>\u201cDie Wahrheit ist nicht in Theorien, sondern in t\u00e4glicher Praxis.\u201d<\/em>\n\t\t\t\t\t<\/p><\/div><\/div>[\/vc_column][vc_column width=&#8220;1\/2&#8243; uxb_theme_class=&#8220;,no-padding&#8220;]<div class=\"team-member  \">\n\t\t\t\t<div class=\"team-member-thumbnail\">\n\t\t\t\t\t<a href=\"https:\/\/novius.lv\/de\/team\/ilze-marga-3\/\"><img loading=\"lazy\" decoding=\"async\" width=\"280\" height=\"280\" src=\"https:\/\/novius.lv\/wp-content\/uploads\/2013\/08\/marga2-280x280.jpg\" class=\"attachment-medium-square size-medium-square wp-post-image\" alt=\"\" srcset=\"https:\/\/novius.lv\/wp-content\/uploads\/2013\/08\/marga2-280x280.jpg 280w, https:\/\/novius.lv\/wp-content\/uploads\/2013\/08\/marga2-150x150.jpg 150w, https:\/\/novius.lv\/wp-content\/uploads\/2013\/08\/marga2-400x400.jpg 400w, https:\/\/novius.lv\/wp-content\/uploads\/2013\/08\/marga2-120x120.jpg 120w, https:\/\/novius.lv\/wp-content\/uploads\/2013\/08\/marga2-40x40.jpg 40w\" sizes=\"auto, (max-width: 280px) 100vw, 280px\" \/><\/a>\n\t\t\t\t<\/div>\n\t\t\t\t<div class=\"team-member-info\">\n\t\t\t\t\t<h3 class=\"member-name\"><a href=\"https:\/\/novius.lv\/de\/team\/ilze-marga-3\/\">Ilze Marga<\/a><\/h3>\n\t\t\t\t\t<h4 class=\"light\">Rechtsanw\u00e4ltin<\/h4>\n\t\t\t\t\t<p class=\"description\">\n\t\t\t\t\t\tVerwaltungssachen, Arbeitsrecht, Familienrecht, Erbrecht, Handelsrecht, Strafrecht, Restrukturierung und Insolvenz, Immobilien, Gerichtsverfahren und Mediation \r\n<br><br>\r\n<em>\u201eNicht nur vom Leben tr\u00e4umen, sondern die Tr\u00e4ume in Erf\u00fcllung gehen lassen!\u201c<\/em>\n\t\t\t\t\t<\/p><ul class=\"team-social\"><li><a href=\"#\" target=\"_blank\"><img loading=\"lazy\" decoding=\"async\" src=\"https:\/\/novius.lv\/wp-content\/themes\/Archtek\/images\/social\/team\/Twitter.png\" alt=\"Twitter\" title=\"Twitter\" width=\"22\" height=\"22\" \/><\/a><\/li><li><a href=\"#\" target=\"_blank\"><img loading=\"lazy\" decoding=\"async\" src=\"https:\/\/novius.lv\/wp-content\/themes\/Archtek\/images\/social\/team\/Facebook.png\" alt=\"Facebook\" title=\"Facebook\" width=\"22\" height=\"22\" \/><\/a><\/li><li><a href=\"#\" target=\"_blank\"><img loading=\"lazy\" decoding=\"async\" src=\"https:\/\/novius.lv\/wp-content\/themes\/Archtek\/images\/social\/team\/Google+.png\" alt=\"Google+\" title=\"Google+\" width=\"22\" height=\"22\" \/><\/a><\/li><\/ul><\/div><\/div>[\/vc_column][\/vc_row][vc_row uxb_theme_class=&#8220;,top-margin,bottom-line&#8220;][vc_column width=&#8220;1\/2&#8243; uxb_theme_class=&#8220;,no-padding&#8220;]<div class=\"team-member  \">\n\t\t\t\t<div class=\"team-member-thumbnail\">\n\t\t\t\t\t<a href=\"https:\/\/novius.lv\/de\/team\/eva-kibermane\/\"><img loading=\"lazy\" decoding=\"async\" width=\"280\" height=\"280\" src=\"https:\/\/novius.lv\/wp-content\/uploads\/2023\/08\/eva-280x280.jpg\" class=\"attachment-medium-square size-medium-square wp-post-image\" alt=\"\" srcset=\"https:\/\/novius.lv\/wp-content\/uploads\/2023\/08\/eva-280x280.jpg 280w, https:\/\/novius.lv\/wp-content\/uploads\/2023\/08\/eva-150x150.jpg 150w, https:\/\/novius.lv\/wp-content\/uploads\/2023\/08\/eva-400x400.jpg 400w, https:\/\/novius.lv\/wp-content\/uploads\/2023\/08\/eva-120x120.jpg 120w, https:\/\/novius.lv\/wp-content\/uploads\/2023\/08\/eva-40x40.jpg 40w\" sizes=\"auto, (max-width: 280px) 100vw, 280px\" \/><\/a>\n\t\t\t\t<\/div>\n\t\t\t\t<div class=\"team-member-info\">\n\t\t\t\t\t<h3 class=\"member-name\"><a href=\"https:\/\/novius.lv\/de\/team\/eva-kibermane\/\">Eva \u0136ibermane<\/a><\/h3>\n\t\t\t\t\t<h4 class=\"light\">Rechtsanw\u00e4ltin<\/h4>\n\t\t\t\t\t<p class=\"description\">\n\t\t\t\t\t\tHandelsrecht, Insolvenz, Eintreibung von Forderungen, Arbeitsrecht, Familienrecht, Immobilien, Bauwesen, Verwaltungssachen \/ Verwaltungsangelegenheiten, Gerichtsverfahren \/ Prozessf\u00fchrung\r\n<br><br>\r\n<em>\"Der gr\u00f6\u00dfte Sinnesgenuss, der gar keine Beimischung von Ekel bei sich f\u00fchrt, ist, im gesunden Zustande, Ruhe nach der Arbeit.\r\n\/Immanuel Kant\/\"<\/em>\n\t\t\t\t\t<\/p><ul class=\"team-social\"><li><a href=\"#\" target=\"_blank\"><img loading=\"lazy\" decoding=\"async\" src=\"https:\/\/novius.lv\/wp-content\/themes\/Archtek\/images\/social\/team\/Twitter.png\" alt=\"Twitter\" title=\"Twitter\" width=\"22\" height=\"22\" \/><\/a><\/li><li><a href=\"#\" target=\"_blank\"><img loading=\"lazy\" decoding=\"async\" src=\"https:\/\/novius.lv\/wp-content\/themes\/Archtek\/images\/social\/team\/Facebook.png\" alt=\"Facebook\" title=\"Facebook\" width=\"22\" height=\"22\" \/><\/a><\/li><li><a href=\"#\" target=\"_blank\"><img loading=\"lazy\" decoding=\"async\" src=\"https:\/\/novius.lv\/wp-content\/themes\/Archtek\/images\/social\/team\/LinkedIn.png\" alt=\"LinkedIn\" title=\"LinkedIn\" width=\"22\" height=\"22\" \/><\/a><\/li><\/ul><\/div><\/div>[\/vc_column][vc_column width=&#8220;1\/2&#8243; uxb_theme_class=&#8220;,no-padding&#8220;]<div class=\"team-member  \">\n\t\t\t\t<div class=\"team-member-thumbnail\">\n\t\t\t\t\t<a href=\"https:\/\/novius.lv\/de\/team\/ilze-kolere-3\/\"><img loading=\"lazy\" decoding=\"async\" width=\"280\" height=\"280\" src=\"https:\/\/novius.lv\/wp-content\/uploads\/2013\/08\/foto1-280x280.jpg\" class=\"attachment-medium-square size-medium-square wp-post-image\" alt=\"\" srcset=\"https:\/\/novius.lv\/wp-content\/uploads\/2013\/08\/foto1-280x280.jpg 280w, https:\/\/novius.lv\/wp-content\/uploads\/2013\/08\/foto1-150x150.jpg 150w, https:\/\/novius.lv\/wp-content\/uploads\/2013\/08\/foto1-400x400.jpg 400w, https:\/\/novius.lv\/wp-content\/uploads\/2013\/08\/foto1-120x120.jpg 120w, https:\/\/novius.lv\/wp-content\/uploads\/2013\/08\/foto1-40x40.jpg 40w\" sizes=\"auto, (max-width: 280px) 100vw, 280px\" \/><\/a>\n\t\t\t\t<\/div>\n\t\t\t\t<div class=\"team-member-info\">\n\t\t\t\t\t<h3 class=\"member-name\"><a href=\"https:\/\/novius.lv\/de\/team\/ilze-kolere-3\/\">Ilze Kolere<\/a><\/h3>\n\t\t\t\t\t<h4 class=\"light\">F\u00fchrende Juristin<\/h4>\n\t\t\t\t\t<p class=\"description\">\n\t\t\t\t\t\tArbeitsrecht, Familienrecht, Rechtspr\u00fcfung, Handelsrecht, \u00f6ffentliches Beschaffungswesen und \u00f6ffentlich-private Partnerschaft, Restrukturierung und Insolvenz \r\n<br><br>\r\n<em>\u201eZerschneide den Knoten nicht, den man l\u00f6sen kann.\u201d<\/em>\r\n \n\t\t\t\t\t<\/p><ul class=\"team-social\"><li><a href=\"#\" target=\"_blank\"><img loading=\"lazy\" decoding=\"async\" src=\"https:\/\/novius.lv\/wp-content\/themes\/Archtek\/images\/social\/team\/Google+.png\" alt=\"Google+\" title=\"Google+\" width=\"22\" height=\"22\" \/><\/a><\/li><li><a href=\"#\" target=\"_blank\"><img loading=\"lazy\" decoding=\"async\" src=\"https:\/\/novius.lv\/wp-content\/themes\/Archtek\/images\/social\/team\/LinkedIn.png\" alt=\"LinkedIn\" title=\"LinkedIn\" width=\"22\" height=\"22\" \/><\/a><\/li><li><a href=\"#\" target=\"_blank\"><img loading=\"lazy\" decoding=\"async\" src=\"https:\/\/novius.lv\/wp-content\/themes\/Archtek\/images\/social\/team\/Flickr.png\" alt=\"Flickr\" title=\"Flickr\" width=\"22\" height=\"22\" \/><\/a><\/li><\/ul><\/div><\/div>[\/vc_column][\/vc_row][vc_row uxb_theme_class=&#8220;,top-margin,bottom-line&#8220;][vc_column width=&#8220;1\/2&#8243; uxb_theme_class=&#8220;,no-padding&#8220;]<div class=\"team-member  \">\n\t\t\t\t<div class=\"team-member-thumbnail\">\n\t\t\t\t\t<a href=\"https:\/\/novius.lv\/de\/team\/daina-golubovska-3\/\"><img loading=\"lazy\" decoding=\"async\" width=\"280\" height=\"280\" src=\"https:\/\/novius.lv\/wp-content\/uploads\/2013\/08\/Golubovska-280x280.jpg\" class=\"attachment-medium-square size-medium-square wp-post-image\" alt=\"\" srcset=\"https:\/\/novius.lv\/wp-content\/uploads\/2013\/08\/Golubovska-280x280.jpg 280w, https:\/\/novius.lv\/wp-content\/uploads\/2013\/08\/Golubovska-150x150.jpg 150w, https:\/\/novius.lv\/wp-content\/uploads\/2013\/08\/Golubovska-400x400.jpg 400w, https:\/\/novius.lv\/wp-content\/uploads\/2013\/08\/Golubovska-120x120.jpg 120w, https:\/\/novius.lv\/wp-content\/uploads\/2013\/08\/Golubovska-40x40.jpg 40w\" sizes=\"auto, (max-width: 280px) 100vw, 280px\" \/><\/a>\n\t\t\t\t<\/div>\n\t\t\t\t<div class=\"team-member-info\">\n\t\t\t\t\t<h3 class=\"member-name\"><a href=\"https:\/\/novius.lv\/de\/team\/daina-golubovska-3\/\">Daina Golubovska<\/a><\/h3>\n\t\t\t\t\t<h4 class=\"light\">Juristin <\/h4>\n\t\t\t\t\t<p class=\"description\">\n\t\t\t\t\t\tArbeitsrecht, \u00f6ffentliches Beschaffungswesen und \u00f6ffentlich-private Partnerschaft, Restrukturierung und Insolvenz \r\n<br><br>\r\n<em>\u201eVergiss nicht das Unm\u00f6gliche zu leisten, um das M\u00f6gliche zu erreichen.\u201d<\/em>\n\t\t\t\t\t<\/p><ul class=\"team-social\"><li><a href=\"#\" target=\"_blank\"><img loading=\"lazy\" decoding=\"async\" src=\"https:\/\/novius.lv\/wp-content\/themes\/Archtek\/images\/social\/team\/Twitter.png\" alt=\"Twitter\" title=\"Twitter\" width=\"22\" height=\"22\" \/><\/a><\/li><li><a href=\"#\" target=\"_blank\"><img loading=\"lazy\" decoding=\"async\" src=\"https:\/\/novius.lv\/wp-content\/themes\/Archtek\/images\/social\/team\/Facebook.png\" alt=\"Facebook\" title=\"Facebook\" width=\"22\" height=\"22\" \/><\/a><\/li><li><a href=\"#\" target=\"_blank\"><img loading=\"lazy\" decoding=\"async\" src=\"https:\/\/novius.lv\/wp-content\/themes\/Archtek\/images\/social\/team\/Flickr.png\" alt=\"Flickr\" title=\"Flickr\" width=\"22\" height=\"22\" \/><\/a><\/li><\/ul><\/div><\/div>[\/vc_column][vc_column width=&#8220;1\/2&#8243; uxb_theme_class=&#8220;&#8220;][\/vc_column][\/vc_row]<\/p>\n<\/section>","protected":false},"excerpt":{"rendered":"<p>[vc_row uxb_theme_class=&#8220;,bottom-line&#8220;][vc_column width=&#8220;1\/2&#8243; uxb_theme_class=&#8220;,no-padding&#8220;][\/vc_column][vc_column width=&#8220;1\/2&#8243; uxb_theme_class=&#8220;,no-padding&#8220;][\/vc_column][\/vc_row][vc_row uxb_theme_class=&#8220;,top-margin,bottom-line&#8220;][vc_column width=&#8220;1\/2&#8243; uxb_theme_class=&#8220;,no-padding&#8220;][\/vc_column][vc_column width=&#8220;1\/2&#8243; uxb_theme_class=&#8220;,no-padding&#8220;][\/vc_column][\/vc_row][vc_row uxb_theme_class=&#8220;,top-margin,bottom-line&#8220;][vc_column width=&#8220;1\/2&#8243; uxb_theme_class=&#8220;,no-padding&#8220;][\/vc_column][vc_column width=&#8220;1\/2&#8243; uxb_theme_class=&#8220;,no-padding&#8220;][\/vc_column][\/vc_row][vc_row uxb_theme_class=&#8220;,top-margin,bottom-line&#8220;][vc_column width=&#8220;1\/2&#8243; uxb_theme_class=&#8220;,no-padding&#8220;][\/vc_column][vc_column width=&#8220;1\/2&#8243; uxb_theme_class=&#8220;&#8220;][\/vc_column][\/vc_row]<\/p>\n","protected":false},"author":1,"featured_media":0,"parent":0,"menu_order":1,"comment_status":"open","ping_status":"closed","template":"","meta":{"footnotes":""},"class_list":["post-1891","page","type-page","status-publish","hentry"],"_links":{"self":[{"href":"https:\/\/novius.lv\/de\/wp-json\/wp\/v2\/pages\/1891","targetHints":{"allow":["GET"]}}],"collection":[{"href":"https:\/\/novius.lv\/de\/wp-json\/wp\/v2\/pages"}],"about":[{"href":"https:\/\/novius.lv\/de\/wp-json\/wp\/v2\/types\/page"}],"author":[{"embeddable":true,"href":"https:\/\/novius.lv\/de\/wp-json\/wp\/v2\/users\/1"}],"replies":[{"embeddable":true,"href":"https:\/\/novius.lv\/de\/wp-json\/wp\/v2\/comments?post=1891"}],"version-history":[{"count":5,"href":"https:\/\/novius.lv\/de\/wp-json\/wp\/v2\/pages\/1891\/revisions"}],"predecessor-version":[{"id":3495,"href":"https:\/\/novius.lv\/de\/wp-json\/wp\/v2\/pages\/1891\/revisions\/3495"}],"wp:attachment":[{"href":"https:\/\/novius.lv\/de\/wp-json\/wp\/v2\/media?parent=1891"}],"curies":[{"name":"wp","href":"https:\/\/api.w.org\/{rel}","templated":true}]}}