{"id":1923,"date":"2016-06-22T07:11:17","date_gmt":"2016-06-22T04:11:17","guid":{"rendered":"https:\/\/novius.lv\/?page_id=1923"},"modified":"2018-02-10T10:44:23","modified_gmt":"2018-02-10T08:44:23","slug":"verantwortung","status":"publish","type":"page","link":"https:\/\/novius.lv\/de\/verantwortung\/","title":{"rendered":"Verantwortung"},"content":{"rendered":"<section class=\"wpb-content-wrapper\"><p>[vc_row][vc_column][vc_column_text]<\/p>\n<h3 style=\"text-align: center;\">Verantwortung gegen\u00fcber den Mandanten<\/h3>\n<p><a href=\"https:\/\/novius.lv\/wp-content\/uploads\/2013\/08\/kon.jpg\"><img loading=\"lazy\" decoding=\"async\" style=\"margin: 10px; clear: both; float: right;\" src=\"https:\/\/novius.lv\/wp-content\/uploads\/2013\/08\/kon-265x300.jpg\" alt=\"Verantwortung gegen\u00fcber den Mandanten\" width=\"265\" height=\"300\" \/><\/a><\/p>\n<p style=\"text-align: justify; padding-top: 20px;\">Die Kanzlei NOVIUS zeigt in ihrer T\u00e4tigkeit eine individuelle Vorgehensweise bei jedem Mandanten: f\u00fcr jedes Unternehmen oder jede Person, die uns die Verhandlung ihrer Probleme, Fragen und Lagen anvertraut haben, bem\u00fchen wir uns, die beste L\u00f6sung zu finden. Jede Sache, mit der wir beauftragt werden, ist uns wichtig. Deswegen gehen wir verantwortungsvoll mit unseren Mandanten, ihren W\u00fcnschen, Emotionen und Rechten um.<\/p>\n<h3 style=\"text-align: center; clear: both;\"><\/h3>\n<h3 style=\"text-align: center; clear: both;\">Verantwortung gegen\u00fcber dem Rechtsstaat<\/h3>\n<p><a href=\"https:\/\/novius.lv\/wp-content\/uploads\/2013\/08\/themis.jpg\"><img loading=\"lazy\" decoding=\"async\" style=\"margin: 10px; clear: both; float: left;\" src=\"https:\/\/novius.lv\/wp-content\/uploads\/2013\/08\/themis-300x267.jpg\" alt=\"Verantwortung gegen\u00fcber dem Rechtsstaat\" width=\"300\" height=\"267\" \/><\/a><\/p>\n<p style=\"text-align: justify; padding-top: 20px;\">Um die Unternehmenst\u00e4tigkeit zu f\u00f6rdern und den Lebensstandard in Lettland zu erh\u00f6hen, ist eine harmonische rechtliche Regelung im Staat insgesamt wichtig. Diesbez\u00fcglich nimmt die Kanzlei NOVIUS auch die F\u00f6rderung des rechtlichen Verst\u00e4ndnisses als eine ihrer Pflichten wahr. Durch unsere Mitwirkung bei den Beratungen von Gesetzes\u00e4nderungen und der Umsetzungsphase, Beteiligung an Arbeitsgruppen, Vorbereitung von wissenschaftlichen Ver\u00f6ffentlichungen und Erl\u00e4uterung der Gesetzesbestimmungen f\u00f6rdern wir das Verst\u00e4ndnis der Rechtlichkeit und leisten unseren Beitrag zur Entwicklung eines Rechtsstaates.<\/p>\n<h3 style=\"text-align: center; clear: both;\"><\/h3>\n<h3 style=\"text-align: center; clear: both;\">Verantwortliche Kanzleileitung<\/h3>\n<p><a href=\"https:\/\/novius.lv\/wp-content\/uploads\/2013\/08\/recl11.png\"><img loading=\"lazy\" decoding=\"async\" style=\"margin: 10px; clear: both; float: right;\" src=\"https:\/\/novius.lv\/wp-content\/uploads\/2013\/08\/recl11-300x283.png\" alt=\"Verantwortliche Kanzleileitung\" width=\"300\" height=\"283\" \/><\/a><\/p>\n<p style=\"text-align: justify; padding-top: 20px;\">Ein verantwortliches Verh\u00e4ltnis zu den Mitarbeitern und ihrer Arbeit sowie ein verantwortliches Verh\u00e4ltnis der Mitarbeiter zum Umfeld lassen die Kanzlei NOVIUS respektvolle und zuverl\u00e4ssige Beziehungen pflegen. Bei der Organisation der B\u00fcroarbeit denken wir an eine zweckm\u00e4\u00dfige Ressourcennutzung (Strom, Wasser, Papier u. a.), Altmaterial wird m\u00f6glichst recycelt.<\/p>\n<h3 style=\"text-align: center; clear: both;\"><\/h3>\n<h3 style=\"text-align: center; clear: both;\">Verantwortung gegen\u00fcber die junge Juristengeneration<\/h3>\n<p><a href=\"https:\/\/novius.lv\/wp-content\/uploads\/2013\/08\/univer1.png\"><img loading=\"lazy\" decoding=\"async\" style=\"margin: 10px; clear: both; float: left;\" src=\"https:\/\/novius.lv\/wp-content\/uploads\/2013\/08\/univer1-300x278.png\" alt=\"Verantwortung gegen\u00fcber die junge Juristengeneration\" width=\"300\" height=\"278\" \/><\/a><\/p>\n<p style=\"text-align: justify; padding-top: 20px;\">Die Entwicklung des Rechtsbereiches ist in Lettland in hohem Ma\u00dfe von der Vorbereitung der jungen Juristengeneration abh\u00e4ngig. Nur die in der Hochschule erworbenen Kenntnisse reichen nicht aus, es werden ebenso praktische Erfahrung, Verst\u00e4ndnis und Fertigkeiten erforderlich. Dar\u00fcber hinaus ist es wichtig, die \u00dcberzeugung der jungen Spezialisten von der Bedeutung der Werte im Juristenberuf zu entwickeln.<br \/>\nNOVIUS wirkt gern bei der Ausbildung von jungen Spezialisten mit und tauscht mit ihnen Erfahrungen aus. Jedes Jahr stellen wir mehreren Jurastudenten Praxisstellen in unserer Kanzlei zur Verf\u00fcgung.<\/p>\n<h3 style=\"text-align: center; clear: both;\"><\/h3>\n<h3 style=\"text-align: center; clear: both;\">Verantwortung gegen\u00fcber den Branchenstandards<\/h3>\n<p><a href=\"https:\/\/novius.lv\/wp-content\/uploads\/2013\/08\/at.png\"><img loading=\"lazy\" decoding=\"async\" style=\"float: right; margin: 10px;\" src=\"https:\/\/novius.lv\/wp-content\/uploads\/2013\/08\/at-300x287.png\" alt=\"Verantwortung gegen\u00fcber den Branchenstandards\" width=\"300\" height=\"287\" \/><\/a><\/p>\n<p style=\"text-align: justify; padding-top: 20px;\">Wir sind uns dessen bewusst, dass wir mit unserer T\u00e4tigkeit, getroffenen Entscheidungen und der Arbeitskultur gewisserma\u00dfen die gesamten Branchenstandards beeinflussen, diesbez\u00fcglich gehen wir verantwortungsvoll mit allen getroffenen Entscheidungen, ge\u00e4u\u00dferten Ideen und unserer T\u00e4tigkeit als Ganzes um. Wir sind davon \u00fcberzeugt, dass jede Kanzlei ein positives und professionelles Bild der Rechtsbranche Lettlands entwickeln muss.<\/p>\n<h3 style=\"text-align: center; clear: both;\"><\/h3>\n<h3 style=\"text-align: center; clear: both;\">Verantwortung gegen\u00fcber die Umwelt<\/h3>\n<p><a href=\"https:\/\/novius.lv\/wp-content\/uploads\/2013\/08\/tire.png\"><img loading=\"lazy\" decoding=\"async\" class=\"alignnone size-medium wp-image-932\" style=\"float: left; margin: 10px;\" src=\"https:\/\/novius.lv\/wp-content\/uploads\/2013\/08\/tire-300x293.png\" alt=\"T\u012bre\u013cpurvs\" width=\"300\" height=\"293\" srcset=\"https:\/\/novius.lv\/wp-content\/uploads\/2013\/08\/tire-300x293.png 300w, https:\/\/novius.lv\/wp-content\/uploads\/2013\/08\/tire-40x40.png 40w, https:\/\/novius.lv\/wp-content\/uploads\/2013\/08\/tire.png 501w\" sizes=\"auto, (max-width: 300px) 100vw, 300px\" \/><\/a><\/p>\n<p style=\"text-align: justify; padding-top: 20px;\">Nekad nedr\u012bkstam aizmirst, ka vide, kur\u0101 darbojamies, mums ir liels ieguvums un pal\u012bdz \u012bstenot ne vien profesion\u0101los, bet ar\u012b jebkurus dz\u012bves m\u0113r\u0137us. T\u0101d\u0113\u013c m\u0113s ar lielu atbild\u012bbu izturamies pret t\u0101s saglab\u0101\u0161anu, uztur\u0113\u0161anu un sakop\u0161anu.<\/p>\n<p style=\"text-align: justify;\">Wir d\u00fcrfen nie vergessen, dass die Umwelt, in der wir unsere T\u00e4tigkeit aus\u00fcben, ein gro\u00dfer Gewinn ist und uns bei der Umsetzung nicht nur unserer professionellen, sondern auch aller Lebensziele hilft. Deshalb verhalten wir uns h\u00f6chst verantwortungsbewusst bez\u00fcglich Schutz, Erhaltung und Schonung der Umwelt.<br \/>\nNOVIUS beteiligt sich sehr gern an verschiedenen mit dem Umweltschutz und praktischem Einsatz verbundenen Ma\u00dfnahmen und Aktionen, sowohl durch Rechtsberatung als auch durch praktischen Einsatz in W\u00e4ldern, Wiesen und St\u00e4dten Lettlands. Wenn jeder einen auch kleinen Beitrag leistet, wird Lettland noch sch\u00f6ner sein.[\/vc_column_text][\/vc_column][\/vc_row]<\/p>\n<\/section>","protected":false},"excerpt":{"rendered":"<p>[vc_row][vc_column][vc_column_text] Verantwortung gegen\u00fcber den Mandanten Die Kanzlei NOVIUS zeigt in ihrer T\u00e4tigkeit eine individuelle Vorgehensweise bei jedem Mandanten: f\u00fcr jedes Unternehmen oder jede Person, die uns die Verhandlung ihrer Probleme, Fragen und Lagen anvertraut haben, bem\u00fchen wir uns, die beste L\u00f6sung zu finden. Jede Sache, &#8230; <\/p>\n","protected":false},"author":1,"featured_media":0,"parent":0,"menu_order":0,"comment_status":"open","ping_status":"open","template":"","meta":{"footnotes":""},"class_list":["post-1923","page","type-page","status-publish","hentry"],"_links":{"self":[{"href":"https:\/\/novius.lv\/de\/wp-json\/wp\/v2\/pages\/1923","targetHints":{"allow":["GET"]}}],"collection":[{"href":"https:\/\/novius.lv\/de\/wp-json\/wp\/v2\/pages"}],"about":[{"href":"https:\/\/novius.lv\/de\/wp-json\/wp\/v2\/types\/page"}],"author":[{"embeddable":true,"href":"https:\/\/novius.lv\/de\/wp-json\/wp\/v2\/users\/1"}],"replies":[{"embeddable":true,"href":"https:\/\/novius.lv\/de\/wp-json\/wp\/v2\/comments?post=1923"}],"version-history":[{"count":5,"href":"https:\/\/novius.lv\/de\/wp-json\/wp\/v2\/pages\/1923\/revisions"}],"predecessor-version":[{"id":2474,"href":"https:\/\/novius.lv\/de\/wp-json\/wp\/v2\/pages\/1923\/revisions\/2474"}],"wp:attachment":[{"href":"https:\/\/novius.lv\/de\/wp-json\/wp\/v2\/media?parent=1923"}],"curies":[{"name":"wp","href":"https:\/\/api.w.org\/{rel}","templated":true}]}}